{"id":845,"date":"2013-06-11T11:13:46","date_gmt":"2013-06-11T09:13:46","guid":{"rendered":"http:\/\/www.parrocchiabrusegana.it\/?page_id=845"},"modified":"2023-12-30T22:38:48","modified_gmt":"2023-12-30T21:38:48","slug":"genitori-patronato","status":"publish","type":"page","link":"https:\/\/www.parrocchiabrusegana.it\/?page_id=845","title":{"rendered":"Genitori patronato"},"content":{"rendered":"<blockquote><p>&nbsp;<\/p>\n<style type=\"text\/css\"><!-- body { background: #eaeaea; text-align: left; } h1 { text-shadow: 2px 2px 4px black; } --><\/style>\n<h4 style=\"margin-bottom: 0cm; line-height: 100%;\" align=\"JUSTIFY\"><span style=\"font-family: Times New Roman,serif;\">In attesa di una migliore sistemazione degli spazi dedicati al Centro parrocchiale \u201cPadre Ezechiele Ramin\u201d, l\u2019attuale gruppo di genitori che tradizionalmente si organizza per attivit\u00e0 di animazione e feste nel vecchio patronato, \u00e8 aperto a nuove forze di volontari che si rendano disponibili per far crescere proposte adatte a vivere in parrocchia come una comunit\u00e0, a far crescere la collaborazione tra gruppi, a vivere gli spazi nella corresponsabilit\u00e0 con le famiglie e le varie et\u00e0. <\/span><\/h4>\n<p>&nbsp;<\/p>\n<p style=\"text-align: left;\"><strong>Festa dell&#8217;Epifania&nbsp;<\/strong><\/p>\n<p>ngg_shortcode_0_placeholder<br \/>\nngg_shortcode_1_placeholder&nbsp;<br \/>\n&nbsp;<\/p>\n<p style=\"text-align: left;\"><strong>Castagnata<\/strong><\/p>\nngg_shortcode_2_placeholder\n<\/blockquote>\n<p>&nbsp;<br \/>\n<a href=\"https:\/\/www.parrocchiabrusegana.it\/?page_id=14\">\u2190 gruppi<\/a><\/p>\n","protected":false},"excerpt":{"rendered":"<p>&nbsp; In attesa di una migliore sistemazione degli spazi dedicati al Centro parrocchiale \u201cPadre Ezechiele Ramin\u201d, l\u2019attuale gruppo di genitori che tradizionalmente si organizza per attivit\u00e0 di animazione e feste nel vecchio patronato, \u00e8 aperto a nuove forze di volontari &hellip; <a href=\"https:\/\/www.parrocchiabrusegana.it\/?page_id=845\">Continua a leggere<span class=\"meta-nav\">&rarr;<\/span><\/a><\/p>\n","protected":false},"author":1,"featured_media":0,"parent":843,"menu_order":0,"comment_status":"closed","ping_status":"closed","template":"","meta":{"_crdt_document":"","ngg_post_thumbnail":0,"footnotes":""},"class_list":["post-845","page","type-page","status-publish","hentry"],"_links":{"self":[{"href":"https:\/\/www.parrocchiabrusegana.it\/index.php?rest_route=\/wp\/v2\/pages\/845","targetHints":{"allow":["GET"]}}],"collection":[{"href":"https:\/\/www.parrocchiabrusegana.it\/index.php?rest_route=\/wp\/v2\/pages"}],"about":[{"href":"https:\/\/www.parrocchiabrusegana.it\/index.php?rest_route=\/wp\/v2\/types\/page"}],"author":[{"embeddable":true,"href":"https:\/\/www.parrocchiabrusegana.it\/index.php?rest_route=\/wp\/v2\/users\/1"}],"replies":[{"embeddable":true,"href":"https:\/\/www.parrocchiabrusegana.it\/index.php?rest_route=%2Fwp%2Fv2%2Fcomments&post=845"}],"version-history":[{"count":33,"href":"https:\/\/www.parrocchiabrusegana.it\/index.php?rest_route=\/wp\/v2\/pages\/845\/revisions"}],"predecessor-version":[{"id":16629,"href":"https:\/\/www.parrocchiabrusegana.it\/index.php?rest_route=\/wp\/v2\/pages\/845\/revisions\/16629"}],"up":[{"embeddable":true,"href":"https:\/\/www.parrocchiabrusegana.it\/index.php?rest_route=\/wp\/v2\/pages\/843"}],"wp:attachment":[{"href":"https:\/\/www.parrocchiabrusegana.it\/index.php?rest_route=%2Fwp%2Fv2%2Fmedia&parent=845"}],"curies":[{"name":"wp","href":"https:\/\/api.w.org\/{rel}","templated":true}]}}