{"id":817,"date":"2013-06-11T11:02:45","date_gmt":"2013-06-11T09:02:45","guid":{"rendered":"http:\/\/www.parrocchiabrusegana.it\/?page_id=817"},"modified":"2021-04-15T17:07:23","modified_gmt":"2021-04-15T15:07:23","slug":"gruppo-pulizie","status":"publish","type":"page","link":"https:\/\/www.parrocchiabrusegana.it\/?page_id=817","title":{"rendered":"Gruppo Pulizie"},"content":{"rendered":"<blockquote><p><body oncontextmenu=\"return false\" ondragstart=\"return false\" onselectstart=\"return false\"><br \/>\n<head><br \/>\n\t<meta http-equiv=\"Content-Type\" content=\"text\/html;charset=UTF-8\"\/><br \/>\n\t<title><\/title><\/p>\n<style type=\"text\/css\">\n        body { background: #eaeaea; text-align: left; }\n        h1 { text-shadow:  2px 2px 4px black; }\n   <\/style>\n<p><\/head><br \/>\n<em><strong>\u00a0<\/strong><\/em><\/p>\n<h4><em><strong><span style=\"font-family: Times New Roman,serif;\">\u00ab<\/span><span style=\"font-family: Times New Roman,serif;\">Per la celebrazione dell\u2019Eucaristia, il popolo di Dio si riunisce di solito nella chiesa oppure, se questa manca o \u00e8 insufficiente, in un altro luogo decoroso che sia tuttavia degno di un cos\u00ec grande mistero. Quindi le chiese, o gli altri luoghi, siano adatte alla celebrazione delle azioni sacre e all\u2019attiva partecipazione dei fedeli. Inoltre i luoghi sacri e le cose che servono al culto siano davvero degni, belli, segni e simboli delle realt\u00e0 celesti<\/span><\/strong><\/em><span style=\"font-family: Times New Roman,serif;\"> (<\/span><span style=\"font-family: Times New Roman,serif;\"><span style=\"font-size: small;\">Cf. CONC. ECUM. VATICANO II, Costituzione sulla sacra Liturgia, <\/span><\/span><span style=\"font-family: Times New Roman,serif;\"><span style=\"font-size: small;\"><i>Sacrosanctum Concilium<\/i><\/span><\/span><span style=\"font-family: Times New Roman,serif;\"><span style=\"font-size: small;\">, nn. 122-124; Decreto sulla vita e sul ministero sacerdotale, <\/span><\/span><span style=\"font-family: Times New Roman,serif;\"><span style=\"font-size: small;\"><i>Presbyterorum Ordinis<\/i><\/span><\/span><span style=\"font-family: Times New Roman,serif;\"><span style=\"font-size: small;\">, n. 5; SACRA CONGREGAZIONE DEI RITI, Istruzione <\/span><\/span><span style=\"font-family: Times New Roman,serif;\"><span style=\"font-size: small;\"><i>Inter oecumenici<\/i><\/span><\/span><span style=\"font-family: Times New Roman,serif;\"><span style=\"font-size: small;\">, 26 settembre 1964, n. 90: AAS 56 (1964) 897; Istruzione <\/span><\/span><span style=\"font-family: Times New Roman,serif;\"><span style=\"font-size: small;\"><i>Eucharisticum mysterium<\/i><\/span><\/span><span style=\"font-family: Times New Roman,serif;\"><span style=\"font-size: small;\">, 25 maggio 1967, n. 24: AAS 59 (1967) 554; CIC, can. 932, \u00a7 1<\/span><\/span><span style=\"font-family: Times New Roman,serif;\">)\u00bb<\/span><span style=\"font-family: Times New Roman,serif;\"><span style=\"font-size: small;\"> (<\/span><\/span><span style=\"font-family: Times New Roman,serif;\"><span style=\"font-size: small;\">Ordinamento generale del Messale Romano, n. 288).<\/span><\/span><\/h4>\n<h4><span style=\"font-family: Times New Roman,serif;\">In questa sorta di <\/span><span style=\"font-family: Times New Roman,serif;\"><i>ministero<\/i><\/span><span style=\"font-family: Times New Roman,serif;\">, che \u00e8 generosa abilit\u00e0 e puntuale partecipazione alla dignit\u00e0 di un luogo sacro nelle forme pi\u00f9 nascoste e umili, si manifesta il volto di una famiglia che ha a cuore la propria casa perch\u00e9 sia accogliente dei passaggi sacramentali della vita verso l\u2019incontro con la vita quotidiana, sacramento dell\u2019ospitalit\u00e0 di Cristo con i fratelli e le sorelle.<\/span><\/h4>\n<p><\/body><\/p><\/blockquote>\n<p><a href=\"https:\/\/www.parrocchiabrusegana.it\/?page_id=14\">\u2190 gruppi<\/a><\/p>\n","protected":false},"excerpt":{"rendered":"<p>\u00a0 \u00abPer la celebrazione dell\u2019Eucaristia, il popolo di Dio si riunisce di solito nella chiesa oppure, se questa manca o \u00e8 insufficiente, in un altro luogo decoroso che sia tuttavia degno di un cos\u00ec grande mistero. Quindi le chiese, o &hellip; <a href=\"https:\/\/www.parrocchiabrusegana.it\/?page_id=817\">Continua a leggere<span class=\"meta-nav\">&rarr;<\/span><\/a><\/p>\n","protected":false},"author":1,"featured_media":0,"parent":793,"menu_order":0,"comment_status":"closed","ping_status":"closed","template":"","meta":{"_crdt_document":"","ngg_post_thumbnail":0,"footnotes":""},"class_list":["post-817","page","type-page","status-publish","hentry"],"_links":{"self":[{"href":"https:\/\/www.parrocchiabrusegana.it\/index.php?rest_route=\/wp\/v2\/pages\/817","targetHints":{"allow":["GET"]}}],"collection":[{"href":"https:\/\/www.parrocchiabrusegana.it\/index.php?rest_route=\/wp\/v2\/pages"}],"about":[{"href":"https:\/\/www.parrocchiabrusegana.it\/index.php?rest_route=\/wp\/v2\/types\/page"}],"author":[{"embeddable":true,"href":"https:\/\/www.parrocchiabrusegana.it\/index.php?rest_route=\/wp\/v2\/users\/1"}],"replies":[{"embeddable":true,"href":"https:\/\/www.parrocchiabrusegana.it\/index.php?rest_route=%2Fwp%2Fv2%2Fcomments&post=817"}],"version-history":[{"count":16,"href":"https:\/\/www.parrocchiabrusegana.it\/index.php?rest_route=\/wp\/v2\/pages\/817\/revisions"}],"predecessor-version":[{"id":13112,"href":"https:\/\/www.parrocchiabrusegana.it\/index.php?rest_route=\/wp\/v2\/pages\/817\/revisions\/13112"}],"up":[{"embeddable":true,"href":"https:\/\/www.parrocchiabrusegana.it\/index.php?rest_route=\/wp\/v2\/pages\/793"}],"wp:attachment":[{"href":"https:\/\/www.parrocchiabrusegana.it\/index.php?rest_route=%2Fwp%2Fv2%2Fmedia&parent=817"}],"curies":[{"name":"wp","href":"https:\/\/api.w.org\/{rel}","templated":true}]}}