{"id":813,"date":"2013-06-11T11:01:38","date_gmt":"2013-06-11T09:01:38","guid":{"rendered":"http:\/\/www.parrocchiabrusegana.it\/?page_id=813"},"modified":"2021-04-15T17:06:57","modified_gmt":"2021-04-15T15:06:57","slug":"gruppo-liturgico","status":"publish","type":"page","link":"https:\/\/www.parrocchiabrusegana.it\/?page_id=813","title":{"rendered":"Gruppo Liturgico"},"content":{"rendered":"<blockquote><p><body oncontextmenu=\"return false\" ondragstart=\"return false\" onselectstart=\"return false\"><br \/>\n<meta http-equiv=\"Content-Type\" content=\"text\/html;charset=UTF-8\" \/><\/p>\n<style type=\"text\/css\"><!--\n        body { background: #eaeaea; text-align: left; }\n        h1 { text-shadow:  2px 2px 4px black; }\n\n--><\/style>\n<p>&nbsp;<\/p>\n<h4 align=\"JUSTIFY\"><span style=\"font-family: Times New Roman,serif;\">\u00ab\u00c9 un gruppo costituito da alcuni cristiani-fedeli che assumono ed esplicano, con responsabilit\u00e0 e in ordine alla propria vocazione, un ministero o un servizio nelle celebrazioni della comunit\u00e0 cristiana. Si distingue per la sua unit\u00e0 e pluralit\u00e0: alcuni esercitano i ministeri ordinati di presidenza e diaconia, altri il servizio di lettore, guida-commentatore, salmista, cantore, organista, ministrante(gi\u00e0 chierichetto), addetto alla raccolta delle offerte, sacrista, addetto\/a alla cura dei fiori&#8230;\u00bb<\/span><\/h4>\n<p align=\"RIGHT\"><span style=\"font-family: Times New Roman,serif;\"><span style=\"font-size: small;\"><i>(Dallo Statuto ad uso interno del Gruppo liturgico parrocchiale, 8)<\/i><\/span><\/span><\/p>\n<p>&nbsp;<\/p>\n<p>&nbsp;<\/p>\n<p>&nbsp;<\/p>\n<p>&nbsp;<br \/>\n<\/body><\/p><\/blockquote>\n<p><a href=\"https:\/\/www.parrocchiabrusegana.it\/?page_id=14\">\u2190 gruppi<\/a><\/p>\n","protected":false},"excerpt":{"rendered":"<p>&nbsp; \u00ab\u00c9 un gruppo costituito da alcuni cristiani-fedeli che assumono ed esplicano, con responsabilit\u00e0 e in ordine alla propria vocazione, un ministero o un servizio nelle celebrazioni della comunit\u00e0 cristiana. Si distingue per la sua unit\u00e0 e pluralit\u00e0: alcuni esercitano &hellip; <a href=\"https:\/\/www.parrocchiabrusegana.it\/?page_id=813\">Continua a leggere<span class=\"meta-nav\">&rarr;<\/span><\/a><\/p>\n","protected":false},"author":1,"featured_media":0,"parent":793,"menu_order":0,"comment_status":"closed","ping_status":"closed","template":"","meta":{"_crdt_document":"","ngg_post_thumbnail":0,"footnotes":""},"class_list":["post-813","page","type-page","status-publish","hentry"],"_links":{"self":[{"href":"https:\/\/www.parrocchiabrusegana.it\/index.php?rest_route=\/wp\/v2\/pages\/813","targetHints":{"allow":["GET"]}}],"collection":[{"href":"https:\/\/www.parrocchiabrusegana.it\/index.php?rest_route=\/wp\/v2\/pages"}],"about":[{"href":"https:\/\/www.parrocchiabrusegana.it\/index.php?rest_route=\/wp\/v2\/types\/page"}],"author":[{"embeddable":true,"href":"https:\/\/www.parrocchiabrusegana.it\/index.php?rest_route=\/wp\/v2\/users\/1"}],"replies":[{"embeddable":true,"href":"https:\/\/www.parrocchiabrusegana.it\/index.php?rest_route=%2Fwp%2Fv2%2Fcomments&post=813"}],"version-history":[{"count":16,"href":"https:\/\/www.parrocchiabrusegana.it\/index.php?rest_route=\/wp\/v2\/pages\/813\/revisions"}],"predecessor-version":[{"id":13109,"href":"https:\/\/www.parrocchiabrusegana.it\/index.php?rest_route=\/wp\/v2\/pages\/813\/revisions\/13109"}],"up":[{"embeddable":true,"href":"https:\/\/www.parrocchiabrusegana.it\/index.php?rest_route=\/wp\/v2\/pages\/793"}],"wp:attachment":[{"href":"https:\/\/www.parrocchiabrusegana.it\/index.php?rest_route=%2Fwp%2Fv2%2Fmedia&parent=813"}],"curies":[{"name":"wp","href":"https:\/\/api.w.org\/{rel}","templated":true}]}}