{"id":793,"date":"2013-06-11T10:10:22","date_gmt":"2013-06-11T08:10:22","guid":{"rendered":"http:\/\/www.parrocchiabrusegana.it\/?page_id=793"},"modified":"2021-04-15T17:06:30","modified_gmt":"2021-04-15T15:06:30","slug":"liturgia","status":"publish","type":"page","link":"https:\/\/www.parrocchiabrusegana.it\/?page_id=793","title":{"rendered":"Liturgia"},"content":{"rendered":"<p><body oncontextmenu=\"return false\" ondragstart=\"return false\" onselectstart=\"return false\"><\/p>\n<blockquote><p>&nbsp;<\/p>\n<style type=\"text\/css\"><!-- body { background: #eaeaea; text-align: left; } h1 { text-shadow: 2px 2px 4px black; } --><\/style>\n<p>&nbsp;<\/p>\n<h4 align=\"JUSTIFY\"><span style=\"font-family: Times New Roman,serif;\">\u00abAssolutamente centrale sar\u00e0 approfondire il senso della festa e della liturgia, della celebrazione comunitaria attorno alla mensa della Parola e dell\u2019Eucaristia, del cammino di fede costituito dall\u2019anno liturgico. La Chiesa deve sempre ricordare l\u2019antico adagio, secondo cui \u00e8 la <\/span><span style=\"font-family: Times New Roman,serif;\"><i>lex orandi<\/i><\/span><span style=\"font-family: Times New Roman,serif;\"> a stabilire la <\/span><span style=\"font-family: Times New Roman,serif;\"><i>lex credendi<\/i><\/span><span style=\"font-family: Times New Roman,serif;\"> : la fonte della nostra fede \u00e8 la preghiera comune della Chiesa.<\/span><\/h4>\n<h4 align=\"JUSTIFY\"><span style=\"font-family: Times New Roman,serif;\">Nonostante i tantissimi benefici apportati dalla riforma liturgica del Concilio Vaticano II, spesso uno dei problemi pi\u00f9 difficili oggi \u00e8 proprio la trasmissione del vero senso della liturgia cristiana. Si constata qua e l\u00e0 una certa stanchezza e anche la tentazione di tornare a vecchi formalismi o di avventurarsi alla ricerca ingenua dello spettacolare. Pare, talvolta, che l\u2019evento sacramentale non venga colto. Di qui l\u2019urgenza di esplicitare la rilevanza della liturgia quale luogo educativo e rivelativo, facendone emergere la dignit\u00e0 e l\u2019orientamento verso l\u2019edificazione del Regno. La celebrazione eucaristica chiede molto al sacerdote che presiede l\u2019assemblea e va sostenuta con una robusta formazione liturgica dei fedeli. Serve una liturgia insieme seria, semplice e bella, che sia veicolo del mistero, rimanendo al tempo stesso intelligibile, capace di narrare la perenne alleanza di Dio con gli uomini\u00bb.<\/span><\/h4>\n<h4 align=\"RIGHT\"><span style=\"font-family: Times New Roman,serif;\"><span style=\"font-size: small;\"><i>(<\/i><\/span><\/span><span style=\"font-family: Times New Roman,serif;\"><span style=\"font-size: small;\"><i>Comunicare il Vangelo in un mondo che cambia<\/i><\/span><\/span><span style=\"font-family: Times New Roman,serif;\"><span style=\"font-size: small;\"><i>, <\/i><\/span><\/span><\/h4>\n<h4 align=\"RIGHT\"><a href=\"http:\/\/www.chiesacattolica.it\/cci_new\/pagine\/1653\/Notiziario%205_2001.pdf\" target=\"_blank\" rel=\"noopener noreferrer\"><span style=\"font-family: Times New Roman,serif;\"><span style=\"font-size: small;\"><i>Orientamenti past. dell\u2019Episcopato italiano per il primo decennio del 2000, 49)<\/i><\/span><\/span><\/a><\/h4>\n<p><img loading=\"lazy\" decoding=\"async\" class=\"size-medium wp-image-3683 alignleft\" src=\"https:\/\/www.parrocchiabrusegana.it\/wp-content\/uploads\/2013\/11\/Immagine-067-198x300.jpg\" alt=\"Immagine 067\" width=\"198\" height=\"300\" srcset=\"https:\/\/www.parrocchiabrusegana.it\/wp-content\/uploads\/2013\/11\/Immagine-067-198x300.jpg 198w, https:\/\/www.parrocchiabrusegana.it\/wp-content\/uploads\/2013\/11\/Immagine-067-676x1024.jpg 676w, https:\/\/www.parrocchiabrusegana.it\/wp-content\/uploads\/2013\/11\/Immagine-067.jpg 1355w\" sizes=\"auto, (max-width: 198px) 100vw, 198px\" \/><img loading=\"lazy\" decoding=\"async\" class=\"size-medium wp-image-3456 alignright\" src=\"https:\/\/www.parrocchiabrusegana.it\/wp-content\/uploads\/2013\/11\/Immagine-063-182x300.jpg\" alt=\"Immagine 063\" width=\"182\" height=\"300\" srcset=\"https:\/\/www.parrocchiabrusegana.it\/wp-content\/uploads\/2013\/11\/Immagine-063-182x300.jpg 182w, https:\/\/www.parrocchiabrusegana.it\/wp-content\/uploads\/2013\/11\/Immagine-063-621x1024.jpg 621w, https:\/\/www.parrocchiabrusegana.it\/wp-content\/uploads\/2013\/11\/Immagine-063.jpg 1338w\" sizes=\"auto, (max-width: 182px) 100vw, 182px\" \/><\/p>\n<p>&nbsp;<\/p>\n<p><!--- Codice Sorgente La Liturgia di oggi ----><br \/>\n<script LANGUAGE=\"javascript\" src=\"http:\/\/www.lachiesa.it\/liturgiaoggi.txt\"><\/script><br \/>\n<!--- Fine del Codice Sorgente --><br \/>\n&nbsp;<\/p><\/blockquote>\n<p><\/body><\/p>\n","protected":false},"excerpt":{"rendered":"<p>&nbsp; &nbsp; \u00abAssolutamente centrale sar\u00e0 approfondire il senso della festa e della liturgia, della celebrazione comunitaria attorno alla mensa della Parola e dell\u2019Eucaristia, del cammino di fede costituito dall\u2019anno liturgico. La Chiesa deve sempre ricordare l\u2019antico adagio, secondo cui \u00e8 &hellip; <a href=\"https:\/\/www.parrocchiabrusegana.it\/?page_id=793\">Continua a leggere<span class=\"meta-nav\">&rarr;<\/span><\/a><\/p>\n","protected":false},"author":1,"featured_media":0,"parent":0,"menu_order":4,"comment_status":"closed","ping_status":"closed","template":"","meta":{"_crdt_document":"","ngg_post_thumbnail":0,"footnotes":""},"class_list":["post-793","page","type-page","status-publish","hentry"],"_links":{"self":[{"href":"https:\/\/www.parrocchiabrusegana.it\/index.php?rest_route=\/wp\/v2\/pages\/793","targetHints":{"allow":["GET"]}}],"collection":[{"href":"https:\/\/www.parrocchiabrusegana.it\/index.php?rest_route=\/wp\/v2\/pages"}],"about":[{"href":"https:\/\/www.parrocchiabrusegana.it\/index.php?rest_route=\/wp\/v2\/types\/page"}],"author":[{"embeddable":true,"href":"https:\/\/www.parrocchiabrusegana.it\/index.php?rest_route=\/wp\/v2\/users\/1"}],"replies":[{"embeddable":true,"href":"https:\/\/www.parrocchiabrusegana.it\/index.php?rest_route=%2Fwp%2Fv2%2Fcomments&post=793"}],"version-history":[{"count":31,"href":"https:\/\/www.parrocchiabrusegana.it\/index.php?rest_route=\/wp\/v2\/pages\/793\/revisions"}],"predecessor-version":[{"id":14370,"href":"https:\/\/www.parrocchiabrusegana.it\/index.php?rest_route=\/wp\/v2\/pages\/793\/revisions\/14370"}],"wp:attachment":[{"href":"https:\/\/www.parrocchiabrusegana.it\/index.php?rest_route=%2Fwp%2Fv2%2Fmedia&parent=793"}],"curies":[{"name":"wp","href":"https:\/\/api.w.org\/{rel}","templated":true}]}}