{"id":641,"date":"2013-06-05T08:42:40","date_gmt":"2013-06-05T06:42:40","guid":{"rendered":"http:\/\/www.parrocchiabrusegana.it\/?page_id=641"},"modified":"2021-04-15T17:09:02","modified_gmt":"2021-04-15T15:09:02","slug":"consiglio-pastorale","status":"publish","type":"page","link":"https:\/\/www.parrocchiabrusegana.it\/?page_id=641","title":{"rendered":"Consiglio Pastorale"},"content":{"rendered":"<blockquote><p><body oncontextmenu=\"return false\" ondragstart=\"return false\" onselectstart=\"return false\"><br \/>\n<meta http-equiv=\"Content-Type\" content=\"text\/html;charset=UTF-8\" \/><\/p>\n<style type=\"text\/css\"><!--\nbody { background: #eaeaea; text-align: left; }         h1 { text-shadow:  2px 2px 4px black; }\n--><\/style>\n<p>&nbsp;<\/p>\n<h4><\/h4>\n<h4 style=\"margin-bottom: 0cm; line-height: 100%;\"><span style=\"font-family: Times New Roman,serif;\">\u00abIl Consiglio pastorale parrocchiale promuove, sostiene, coordina e verifica tutta l\u2019attivit\u00e0 pastorale della parrocchia, al fine di suscitare la partecipazione attiva delle varie componenti di essa nell\u2019unica missione della Chiesa: evangelizzare, santificare e servire l\u2019uomo nella carit\u00e0\u00bb (Statuto art. 2).<\/span><\/h4>\n<h4 style=\"margin-bottom: 0cm; line-height: 100%;\"><span style=\"font-family: Times New Roman,serif;\">La competenza del CPP \u00e8 quindi l\u2019attivit\u00e0 pastorale della parrocchia, cio\u00e8 tutti gli aspetti della vita della comunit\u00e0 cristiana. Non \u00e8 primariamente un organismo di formazione, n\u00e9 di spiritualit\u00e0, n\u00e9 di studio ma il luogo dove si tracciano e poi si coordinano e si verificano le linee guida della vita della comunit\u00e0 cristiana nei suoi diversi ambiti: la catechesi, la liturgia, la carit\u00e0. <\/span><\/h4>\n<h4 style=\"margin-bottom: 0cm; line-height: 100%;\"><span style=\"font-family: Times New Roman,serif;\">Il CPP \u00e8 luogo dove la fisionomia di una comunit\u00e0 cristiana prende vita concreta valorizzando il sacerdozio comune dei fedeli e la comune corresponsabilit\u00e0 per l\u2019edificazione della Chiesa. Alla luce dell\u2019ecclesiologia di comunione il CPP d\u00e0 visibilit\u00e0 a una comunit\u00e0 che cammina insieme nella complementariet\u00e0 delle diverse vocazioni e condizioni di vita. Inoltre il CPP \u00e8 un luogo di discernimento, perch\u00e9 la Chiesa \u00ab\u00e8 inserita nel tempo che scorre dalla Pentecoste alla Parusia, e, attenta al \u201csegni dei tempi\u201d, deve annunciare e offrire il Vangelo della salvezza agli uomini del proprio tempo\u00bb<br \/>\n<\/span><\/h4>\n<p>&nbsp;<\/p>\n<h4 style=\"margin-bottom: 0cm; line-height: 100%;\" align=\"RIGHT\"><span style=\"font-family: Times New Roman,serif;\"><span style=\"font-size: small;\"><i>(+ <\/i><\/span><\/span><span style=\"font-family: Times New Roman,serif;\"><span style=\"font-size: small;\"><i>Antonio Mattiazzo<\/i><\/span><\/span><span style=\"font-family: Times New Roman,serif;\"><span style=\"font-size: small;\"><i>, Il Consiglio pastorale,1993, p. 23).<\/i><\/span><\/span><\/h4>\n<p>&nbsp;<\/p>\n<p>&nbsp;<\/p>\n<ul>\n<li>\n<h2><span style=\"text-decoration: underline;\"><a href=\"https:\/\/www.parrocchiabrusegana.it\/wp-content\/uploads\/2013\/04\/Statuto.pdf\" target=\"_blank\" rel=\"noopener noreferrer\">Statuto<\/a><\/span><\/h2>\n<\/li>\n<\/ul>\n<ul>\n<li>\n<h2><span style=\"text-decoration: underline;\"><a href=\"https:\/\/www.parrocchiabrusegana.it\/wp-content\/uploads\/2013\/12\/Dalla-esortazione-apostolica.pdf\" target=\"_blank\" rel=\"noopener noreferrer\">Dalla esortazione apostolica di Papa Francesco<\/a><\/span><\/h2>\n<\/li>\n<\/ul>\n<ul>\n<li>\n<h2><span style=\"text-decoration: underline;\"><a href=\"https:\/\/www.parrocchiabrusegana.it\/wp-content\/uploads\/2013\/12\/Dalla-Nota-pastorale-della-Conferenza-Episcopale.pdf\" target=\"_blank\" rel=\"noopener noreferrer\">Dalla Nota pastorale della Conferenza Episcopale<\/a><\/span><\/h2>\n<\/li>\n<li>\n<h2><a href=\"https:\/\/www.parrocchiabrusegana.it\/wp-content\/uploads\/2014\/07\/DISCORSO-DEL-SANTO-PADRE-FRANCESCO.pdf\" target=\"_blank\" rel=\"noopener noreferrer\">DISCORSO DEL SANTO PADRE FRANCESCO<\/a><br \/>\n<a href=\"https:\/\/www.parrocchiabrusegana.it\/wp-content\/uploads\/2014\/07\/DISCORSO-DEL-SANTO-PADRE-FRANCESCO.pdf\" target=\"_blank\" rel=\"noopener noreferrer\">AI PARTECIPANTI AL CONVEGNO DIOCESANO DI ROMA<\/a><\/h2>\n<\/li>\n<li>\n<h2><a href=\"https:\/\/www.parrocchiabrusegana.it\/wp-content\/uploads\/2014\/09\/SUSSIDIO-PER-I-CONSIGLI-PASTORALI-PARROCCHIALI.pdf\" target=\"_blank\" rel=\"noopener noreferrer\">LA COMUNIT\u00c0 ECCLESIALE IN RAPPORTO AL TERRITORIO: ESERCIZI DI<br \/>\nDISCERNIMENTO COMUNITARIO &#8211; SUSSIDIO PER I CONSIGLI PASTORALI PARROCCHIALI<\/a><\/h2>\n<\/li>\n<li>\n<h2><a href=\"https:\/\/www.parrocchiabrusegana.it\/wp-content\/uploads\/2015\/02\/AdolescenteOggi.pdf\" target=\"_blank\" rel=\"noopener noreferrer\">L&#8217;adolescente di oggi (di Armando Matteo)<br \/>\n<\/a><\/h2>\n<\/li>\n<li>\n<h2>\u00a0<a href=\"https:\/\/www.parrocchiabrusegana.it\/wp-content\/uploads\/2017\/05\/Settimana-delle-comunita.pdf\" target=\"_blank\" rel=\"noopener noreferrer\">Settimana della comunit\u00e0<\/a><\/h2>\n<\/li>\n<li>\n<h2><a href=\"https:\/\/www.parrocchiabrusegana.it\/wp-content\/uploads\/2017\/05\/Evangelii-Gaudium-Allegato-del-3.10.2016.pdf\" target=\"_blank\" rel=\"noopener noreferrer\">\u00a0Evangelii Gaudium<\/a><\/h2>\n<\/li>\n<li>\n<\/li>\n<\/ul>\n<p>&nbsp;<\/body><\/p><\/blockquote>\n<p><a href=\"https:\/\/www.parrocchiabrusegana.it\/?page_id=14\">\u2190 gruppi<\/a><\/p>\n","protected":false},"excerpt":{"rendered":"<p>&nbsp; \u00abIl Consiglio pastorale parrocchiale promuove, sostiene, coordina e verifica tutta l\u2019attivit\u00e0 pastorale della parrocchia, al fine di suscitare la partecipazione attiva delle varie componenti di essa nell\u2019unica missione della Chiesa: evangelizzare, santificare e servire l\u2019uomo nella carit\u00e0\u00bb (Statuto art. &hellip; <a href=\"https:\/\/www.parrocchiabrusegana.it\/?page_id=641\">Continua a leggere<span class=\"meta-nav\">&rarr;<\/span><\/a><\/p>\n","protected":false},"author":1,"featured_media":0,"parent":14,"menu_order":0,"comment_status":"closed","ping_status":"closed","template":"","meta":{"_crdt_document":"","ngg_post_thumbnail":0,"footnotes":""},"class_list":["post-641","page","type-page","status-publish","hentry"],"_links":{"self":[{"href":"https:\/\/www.parrocchiabrusegana.it\/index.php?rest_route=\/wp\/v2\/pages\/641","targetHints":{"allow":["GET"]}}],"collection":[{"href":"https:\/\/www.parrocchiabrusegana.it\/index.php?rest_route=\/wp\/v2\/pages"}],"about":[{"href":"https:\/\/www.parrocchiabrusegana.it\/index.php?rest_route=\/wp\/v2\/types\/page"}],"author":[{"embeddable":true,"href":"https:\/\/www.parrocchiabrusegana.it\/index.php?rest_route=\/wp\/v2\/users\/1"}],"replies":[{"embeddable":true,"href":"https:\/\/www.parrocchiabrusegana.it\/index.php?rest_route=%2Fwp%2Fv2%2Fcomments&post=641"}],"version-history":[{"count":70,"href":"https:\/\/www.parrocchiabrusegana.it\/index.php?rest_route=\/wp\/v2\/pages\/641\/revisions"}],"predecessor-version":[{"id":14202,"href":"https:\/\/www.parrocchiabrusegana.it\/index.php?rest_route=\/wp\/v2\/pages\/641\/revisions\/14202"}],"up":[{"embeddable":true,"href":"https:\/\/www.parrocchiabrusegana.it\/index.php?rest_route=\/wp\/v2\/pages\/14"}],"wp:attachment":[{"href":"https:\/\/www.parrocchiabrusegana.it\/index.php?rest_route=%2Fwp%2Fv2%2Fmedia&parent=641"}],"curies":[{"name":"wp","href":"https:\/\/api.w.org\/{rel}","templated":true}]}}