{"id":16612,"date":"2023-12-30T22:10:27","date_gmt":"2023-12-30T21:10:27","guid":{"rendered":"https:\/\/www.parrocchiabrusegana.it\/?page_id=16612"},"modified":"2023-12-31T16:41:32","modified_gmt":"2023-12-31T15:41:32","slug":"gruppo-presepio-2","status":"publish","type":"page","link":"https:\/\/www.parrocchiabrusegana.it\/?page_id=16612","title":{"rendered":"Gruppo presepio"},"content":{"rendered":"<p><body oncontextmenu=\"return false\" ondragstart=\"return false\" onselectstart=\"return false\"><br \/>\n<strong>Il simbolo pi\u00f9 popolare del Natale \u00e8 il presepe, cio\u00e8 quella rappresentazione visiva di quanto si legge nel Vangelo di San Luca al capitolo secondo che Maria &lt;&lt;diede alla luce il suo figlio primogenito, lo avvolse in fasce e lo pose in una mangiatoia,&nbsp;<\/strong><b>perch\u00e9 per loro non c&#8217;era posto nell&#8217;alloggio&gt;&gt;, ma gli angeli trasformarono la notte in una festa meravigliosa, invitando i pastori a rendere omaggio a quel bimbo.<\/b><\/p>\n<p><strong>Si tratta di una tradizione che affonda le sue radici in uno specifico fatto storico della vita di San Francesco. Fu lui, il poverello d&#8217;Assisi, a dar vita per la prima volta a un presepe, e lo fece a&nbsp;<\/strong><b><a href=\"https:\/\/comune.greccio.ri.it\/contenuti\/45639\/presepio\" target=\"_blank\" rel=\"noopener\">Greccio<\/a>, in Umbria, il 25 dicembre 1223.<\/b><\/p>\n<p><strong>Un gruppo di genitori generosi si occupa con fantasia e laboriosit\u00e0 di allestire la memoria tradizionale del &#8220;Verbo fatto carne&#8221; che \u00e8 Ges\u00f9 Cristo, nato dalla&nbsp;<\/strong><b>Vergine Maria.<\/b><\/p>\n<p>ngg_shortcode_0_placeholder&nbsp;<br \/>\n<strong>RESTAURO STATUTINE DANNEGGIATE<\/strong><\/p>\n<p>ngg_shortcode_1_placeholder<a href=\"https:\/\/www.parrocchiabrusegana.it\/wp-content\/uploads\/2019\/01\/libro-presepio-2018-2019.pdf\" target=\"_blank\" rel=\"noopener\"><span style=\"font-size: 12pt;\"><strong>Presepe 2018\/2019: libro delle visite<\/strong><\/span><\/a><\/p>\n<p><a href=\"https:\/\/www.parrocchiabrusegana.it\/wp-content\/uploads\/2017\/02\/Diario-Natalizio-2016.pdf\" target=\"_blank\" rel=\"noopener\"><span style=\"font-size: 12pt;\"><strong>Presepe 2016\/2017: libro delle visite<\/strong><\/span><\/a><\/p>\n<p><a href=\"https:\/\/www.parrocchiabrusegana.it\/wp-content\/uploads\/2016\/02\/commenti-presepio.pdf\" target=\"_blank\" rel=\"noopener\"><span style=\"font-size: 12pt;\"><strong>Presepe 2015\/2016: libro delle visite<\/strong><\/span><\/a><br \/>\n&nbsp;<br \/>\n<a href=\"https:\/\/www.parrocchiabrusegana.it\/?page_id=14\">\u2190 gruppi<\/a><\/body><\/p>\n","protected":false},"excerpt":{"rendered":"<p>Il simbolo pi\u00f9 popolare del Natale \u00e8 il presepe, cio\u00e8 quella rappresentazione visiva di quanto si legge nel Vangelo di San Luca al capitolo secondo che Maria &lt;&lt;diede alla luce il suo figlio primogenito, lo avvolse in fasce e lo &hellip; <a href=\"https:\/\/www.parrocchiabrusegana.it\/?page_id=16612\">Continua a leggere<span class=\"meta-nav\">&rarr;<\/span><\/a><\/p>\n","protected":false},"author":1,"featured_media":0,"parent":793,"menu_order":0,"comment_status":"closed","ping_status":"closed","template":"","meta":{"_crdt_document":"","ngg_post_thumbnail":0,"footnotes":""},"class_list":["post-16612","page","type-page","status-publish","hentry"],"_links":{"self":[{"href":"https:\/\/www.parrocchiabrusegana.it\/index.php?rest_route=\/wp\/v2\/pages\/16612","targetHints":{"allow":["GET"]}}],"collection":[{"href":"https:\/\/www.parrocchiabrusegana.it\/index.php?rest_route=\/wp\/v2\/pages"}],"about":[{"href":"https:\/\/www.parrocchiabrusegana.it\/index.php?rest_route=\/wp\/v2\/types\/page"}],"author":[{"embeddable":true,"href":"https:\/\/www.parrocchiabrusegana.it\/index.php?rest_route=\/wp\/v2\/users\/1"}],"replies":[{"embeddable":true,"href":"https:\/\/www.parrocchiabrusegana.it\/index.php?rest_route=%2Fwp%2Fv2%2Fcomments&post=16612"}],"version-history":[{"count":6,"href":"https:\/\/www.parrocchiabrusegana.it\/index.php?rest_route=\/wp\/v2\/pages\/16612\/revisions"}],"predecessor-version":[{"id":16685,"href":"https:\/\/www.parrocchiabrusegana.it\/index.php?rest_route=\/wp\/v2\/pages\/16612\/revisions\/16685"}],"up":[{"embeddable":true,"href":"https:\/\/www.parrocchiabrusegana.it\/index.php?rest_route=\/wp\/v2\/pages\/793"}],"wp:attachment":[{"href":"https:\/\/www.parrocchiabrusegana.it\/index.php?rest_route=%2Fwp%2Fv2%2Fmedia&parent=16612"}],"curies":[{"name":"wp","href":"https:\/\/api.w.org\/{rel}","templated":true}]}}