{"id":14387,"date":"2019-11-10T20:58:49","date_gmt":"2019-11-10T19:58:49","guid":{"rendered":"http:\/\/www.parrocchiabrusegana.it\/?page_id=14387"},"modified":"2023-04-04T16:10:54","modified_gmt":"2023-04-04T14:10:54","slug":"le-opere-di-ernani-costantini","status":"publish","type":"page","link":"https:\/\/www.parrocchiabrusegana.it\/?page_id=14387","title":{"rendered":"LE OPERE DI ERNANI COSTANTINI"},"content":{"rendered":"<blockquote><p>&nbsp;<br \/>\n<body oncontextmenu=\"return false\" ondragstart=\"return false\" onselectstart=\"return false\"><\/p>\n<style type=\"text\/css\">\n.thnail {background-image:url(http:\/\/img8.imageshack.us\/img8\/6722\/37182090.gif); background-repeat:no-repeat; width: 100px}<br \/>thumbnail {position: relative; z-index: 8; text-decoration: none !important}<br \/>.thumbnail:hover {background: transparent; z-index: 9}<br \/>.thumbnail > span {display: none; position: absolute; top: 100; left: 60px; padding: 5px}<br \/>.thumbnail > span img {width: 500px; padding: 2px}<br \/>.thumbnail:hover > span {display: block; border: 1px dashed gray; background-color: #FFF; color: black;}<br \/>.thumbnail:hover span span {display: inline; border: none}<\/style>\n<p>La chiesa \u00e8 ricca di opere di Ernani Costantini,<\/p>\n<p>appena si entra per prima cosa si nota il grande crocifisso pensile al centro dell&#8217;abside del 1991,<\/p>\n<p><a href=\"https:\/\/www.parrocchiabrusegana.it\/wp-content\/uploads\/2013\/11\/Giornata-ringraziamento1.jpg\" target=\"_blank\" rel=\"https:\/\/www.parrocchiabrusegana.it\/wp-content\/uploads\/2013\/06\/Crocefisso.jpg noopener\"><img loading=\"lazy\" decoding=\"async\" class=\"alignleft wp-image-2990\" src=\"https:\/\/www.parrocchiabrusegana.it\/wp-content\/uploads\/2013\/11\/Giornata-ringraziamento1-150x150.jpg\" alt=\"\" width=\"303\" height=\"303\"\/><\/a><\/p>\n<p>&nbsp;tempera su tavola 350&#215;400 cm<br \/>\niscrizione (in alto, sul cartiglio)<br \/>\nIESVS NAZARENVS REX IVDAEORVM in latino, ebraico e greco<\/p>\n<p><img loading=\"lazy\" decoding=\"async\" class=\"alignnone\" src=\"https:\/\/www.parrocchiabrusegana.it\/wp-content\/uploads\/2020\/01\/iscrizione-croce.png\" alt=\"\" width=\"236\" height=\"113\"\/>&nbsp;<\/p>\n<p>iscrizione (sul retro, al centro)HOE ESTE NIM CORPUS MEUM <a class=\"thumbnail\" href=\"https:\/\/www.parrocchiabrusegana.it\/wp-content\/uploads\/2020\/01\/jeanpaul-GPLT7553.jpg\" target=\"_blank\" rel=\"https:\/\/www.parrocchiabrusegana.it\/wp-content\/uploads\/2020\/01\/jeanpaul-GPLT7553.jpg noopener\"><img loading=\"lazy\" decoding=\"async\" class=\"aligncenter\" src=\"https:\/\/www.parrocchiabrusegana.it\/wp-content\/uploads\/2020\/01\/jeanpaul-GPLT7553.jpg\" alt=\"\" width=\"302\" height=\"201\"\/><\/a>&nbsp;<\/p>\n<p>&nbsp;<\/p>\n<p>nell&#8217;abside trovano posto anche due grandi tele ad olio 200&#215;500 del 1992<\/p>\n<p><span style=\"font-size: 14pt;\">le Opere di Misericordia Corporale<\/span><\/p>\n<p><a href=\"https:\/\/www.parrocchiabrusegana.it\/wp-content\/uploads\/2013\/06\/quadro-destro.jpg\" target=\"_blank\" rel=\"https:\/\/www.parrocchiabrusegana.it\/wp-content\/uploads\/2013\/06\/quadro-destro.jpg noopener\"><img loading=\"lazy\" decoding=\"async\" class=\"alignleft wp-image-1383 size-medium\" src=\"https:\/\/www.parrocchiabrusegana.it\/wp-content\/uploads\/2013\/06\/quadro-destro-300x154.jpg\" alt=\"LE SETTE OPERE DI MISERICORDIA CORPORALE 1 - Dar da mangiare agli affamati 2 - Dar da bere agli assetati 3 - Vestire gli ignudi 4 - Alloggiare i pellegrini 5 - Visitare gli infermi 6 - Visitare i carcerati 7 - Seppellire i morti\" width=\"300\" height=\"154\" srcset=\"https:\/\/www.parrocchiabrusegana.it\/wp-content\/uploads\/2013\/06\/quadro-destro-300x154.jpg 300w, https:\/\/www.parrocchiabrusegana.it\/wp-content\/uploads\/2013\/06\/quadro-destro-1024x527.jpg 1024w\" sizes=\"auto, (max-width: 300px) 100vw, 300px\" \/><\/a><\/p>\n<p>DESCRIZIONE<br \/>\nAl centro, in primo piano, \u00e8 raffigurata Madre Teresa di Calcutta ( Visitare gli infermi),a sinistra Santa Caterina da Siena (Visitare i carcerati),in alto a sinistra la moltiplicazione dei pani e dei pesci(Dar da mangiare agli affamati e Alloggiare i pellegrini),al centro due uomini si abbeverano alla fonte scaturita dalla roccia percossa da Mos\u00e8 (Dar da bere agli assetati) ,di seguito San Martino che dona il mantello al povero (Vestire gli ignudi) e a destra un funerale con il fondatore della chiesa don Apolloni (Seppellire i morti).<\/p>\n<p><span style=\"font-size: 14pt;\">e le Opere di Misericordia Spirituale<\/span><\/p>\n<p><a href=\"https:\/\/www.parrocchiabrusegana.it\/wp-content\/uploads\/2013\/06\/quadro-sinistro.jpg\" target=\"_blank\" rel=\"https:\/\/www.parrocchiabrusegana.it\/wp-content\/uploads\/2013\/06\/quadro-sinistro.jpg noopener\"><img loading=\"lazy\" decoding=\"async\" class=\"alignleft wp-image-1382 size-medium\" src=\"https:\/\/www.parrocchiabrusegana.it\/wp-content\/uploads\/2013\/06\/quadro-sinistro-300x155.jpg\" alt=\"LE SETTE OPERE DI MISERICORDIA SPIRITUALE 1 - Consigliare i dubbiosi 2 - Insegnare agli ignoranti 3 - Ammonire i peccatori 4 - Consolare gli afflitti 5 - Perdonare le offese 6 - Sopportare pazientemente le persone moleste 7 - Pregare Dio per i vivi e per i morti\" width=\"300\" height=\"155\" srcset=\"https:\/\/www.parrocchiabrusegana.it\/wp-content\/uploads\/2013\/06\/quadro-sinistro-300x155.jpg 300w, https:\/\/www.parrocchiabrusegana.it\/wp-content\/uploads\/2013\/06\/quadro-sinistro-1024x531.jpg 1024w\" sizes=\"auto, (max-width: 300px) 100vw, 300px\" \/><\/a><\/p>\n<p>DESCRIZIONE<br \/>\nAl centro \u00e8 raffigurato Papa Giovanni Paolo II che perdona Al\u00ec Agca (Perdonare le offese) a sinistra, in basso, Sant&#8217;Antonio da Padova e il miracolo del piede risanato (Consolare gli afflitti ), in alto <a href=\"http:\/\/www.elisabettine.it\/Objects\/Pagina.asp?ID=80\" target=\"_blank\" rel=\"noopener noreferrer\">Don Luigi Maran<\/a>&nbsp; (nato a Brusegana) e <a href=\"http:\/\/www.elisabettine.it\/Objects\/Pagina.asp?ID=79\" target=\"_blank\" rel=\"noopener noreferrer\">Suor Elisabetta Vendramini<\/a> cofondatori delle <a href=\"http:\/\/www.elisabettine.it\/Objects\/Pagina.asp?ID=95&amp;T=Attivit%E0\" target=\"_blank\" rel=\"noopener noreferrer\">Terziarie Francescane Elisabettine<\/a> , le suore Elisabettine all&#8217;ospedale psichiatrico&nbsp;(Sopportare pazientemente le persone moleste ) e nell&#8217;alluvione del Polesine &nbsp;( Consigliare i dubbiosi ),al centro una processione e in basso &nbsp;vittime della droga (Pregare Dio per i vivi e per i morti) ,in alto a destra Don Milani la scuola di Barbiana (Insegnare agli ignoranti) , in basso San Leopoldo Mandic (Ammonire i peccatori).<\/p>\n<p>Nelle navate laterali:<\/p>\n<p>sull&#8217;altare del Santissimo &nbsp;olio su tela 300&#215;300 cm del 1994<\/p>\n<p><a href=\"https:\/\/www.parrocchiabrusegana.it\/wp-content\/uploads\/2013\/06\/altare-SS.jpg\" target=\"_blank\" rel=\"https:\/\/www.parrocchiabrusegana.it\/wp-content\/uploads\/2013\/06\/altare-SS.jpg noopener\"><img loading=\"lazy\" decoding=\"async\" class=\"alignleft wp-image-1380 size-medium\" src=\"https:\/\/www.parrocchiabrusegana.it\/wp-content\/uploads\/2013\/06\/altare-SS-293x300.jpg\" alt=\"\" width=\"293\" height=\"300\" srcset=\"https:\/\/www.parrocchiabrusegana.it\/wp-content\/uploads\/2013\/06\/altare-SS-293x300.jpg 293w, https:\/\/www.parrocchiabrusegana.it\/wp-content\/uploads\/2013\/06\/altare-SS-1001x1024.jpg 1001w\" sizes=\"auto, (max-width: 293px) 100vw, 293px\" \/><\/a><\/p>\n<p>DESCRIZIONE<\/p>\n<p>A simboleggiare l&#8217;Eucaristia, a&nbsp;sinistra Mos\u00e8 e la manna , al centro l&#8217;ultima cena, a destra le nozze di Cana<\/p>\n<p>&nbsp;<\/p>\n<p>&nbsp;<\/p>\n<p>&nbsp;<\/p>\n<p>&nbsp;<\/p>\n<p>&nbsp;sull&#8217;altare della Madonna olio su tela 300&#215;300 cm del 1994<\/p>\n<p><a href=\"https:\/\/www.parrocchiabrusegana.it\/wp-content\/uploads\/2013\/06\/altare-Madonna.jpg\" target=\"_blank\" rel=\"https:\/\/www.parrocchiabrusegana.it\/wp-content\/uploads\/2013\/06\/altare-Madonna.jpg noopener\"><img loading=\"lazy\" decoding=\"async\" class=\"alignleft wp-image-1381 size-medium\" src=\"https:\/\/www.parrocchiabrusegana.it\/wp-content\/uploads\/2013\/06\/altare-Madonna-280x300.jpg\" alt=\"\" width=\"280\" height=\"300\" srcset=\"https:\/\/www.parrocchiabrusegana.it\/wp-content\/uploads\/2013\/06\/altare-Madonna-280x300.jpg 280w, https:\/\/www.parrocchiabrusegana.it\/wp-content\/uploads\/2013\/06\/altare-Madonna-956x1024.jpg 956w\" sizes=\"auto, (max-width: 280px) 100vw, 280px\" \/><\/a>DESCRIZIONE:<br \/>\nA sinistra i Misteri Gaudiosi: l&#8217;Annunciazione, la visita di Maria alla cugina Elisabetta, la nascita di Ges\u00f9, la presentazione di Ges\u00f9 al Tempio, il ritrovamento di Ges\u00f9 al Tempio.<br \/>\nAl centro i Misteri Gloriosi: Resurrezione di Ges\u00f9 e la sua Ascesa in Cielo, la discesa dello Spirito Santo sugli Apostoli,l&#8217;Assunzione in Cielo di Maria e la sua incoronazione.<br \/>\nA destra i Misteri Dolorosi: Ges\u00f9 che prega nell&#8217;orto degli Ulivi, Ges\u00f9 che viene flagellato e incoronato di spine, Ges\u00f9 che viene caricato della croce, Ges\u00f9 che muore sulla croce.<\/p>\n<p>All&#8217;esterno i mosaici:<\/p>\n<p>sopra l&#8217;ingresso un Deesis del 1992 4m\u00b2<\/p>\n<p><a href=\"https:\/\/www.parrocchiabrusegana.it\/wp-content\/uploads\/2013\/06\/centrale.jpg\" target=\"_blank\" rel=\"https:\/\/www.parrocchiabrusegana.it\/wp-content\/uploads\/2013\/06\/centrale.jpg noopener\"><img loading=\"lazy\" decoding=\"async\" class=\"alignleft wp-image-1374 size-medium\" src=\"https:\/\/www.parrocchiabrusegana.it\/wp-content\/uploads\/2013\/06\/centrale-300x231.jpg\" alt=\"\" width=\"300\" height=\"231\" srcset=\"https:\/\/www.parrocchiabrusegana.it\/wp-content\/uploads\/2013\/06\/centrale-300x231.jpg 300w, https:\/\/www.parrocchiabrusegana.it\/wp-content\/uploads\/2013\/06\/centrale-1024x791.jpg 1024w\" sizes=\"auto, (max-width: 300px) 100vw, 300px\" \/><\/a><\/p>\n<p>DESCRIZIONE<\/p>\n<p>Al centro Ges\u00f9 benedicente tra la Madonna e San Giovanni Battista in atto di preghiera e supplica per i peccatori, a sinistra San Pietro e a destra San Paolo<\/p>\n<p>Guardando con attenzione si scorger\u00e0 la scritta: <a href=\"https:\/\/www.parrocchiabrusegana.it\/wp-content\/uploads\/2019\/11\/scritta-mosaico.jpg\" target=\"_blank\" rel=\"noopener noreferrer\">VENITE BENEDETTI DAL PADRE MIO ECCO IL REGNO PREPARATO PER VOI<\/a><\/p>\n<p>a sinistra San Sebastiano del 1992<\/p>\n<p><a href=\"https:\/\/www.parrocchiabrusegana.it\/wp-content\/uploads\/2013\/06\/secondo-sinistra.jpg\" target=\"_blank\" rel=\"https:\/\/www.parrocchiabrusegana.it\/wp-content\/uploads\/2013\/06\/secondo-sinistra.jpg noopener\"><img loading=\"lazy\" decoding=\"async\" class=\"alignleft wp-image-1373 \" src=\"https:\/\/www.parrocchiabrusegana.it\/wp-content\/uploads\/2013\/06\/secondo-sinistra-260x300.jpg\" alt=\"\" width=\"273\" height=\"315\" srcset=\"https:\/\/www.parrocchiabrusegana.it\/wp-content\/uploads\/2013\/06\/secondo-sinistra-260x300.jpg 260w, https:\/\/www.parrocchiabrusegana.it\/wp-content\/uploads\/2013\/06\/secondo-sinistra-889x1024.jpg 889w\" sizes=\"auto, (max-width: 273px) 100vw, 273px\" \/><\/a><\/p>\n<p>&nbsp;<\/p>\n<p>&nbsp;<\/p>\n<p>&nbsp;<\/p>\n<p>&nbsp;<\/p>\n<p>&nbsp;<\/p>\n<p>&nbsp;<\/p>\n<p>&nbsp;<\/p>\n<p>a destra San Fabiano del 1992<\/p>\n<p><a href=\"https:\/\/www.parrocchiabrusegana.it\/wp-content\/uploads\/2013\/06\/secondo-destra.jpg\" target=\"_blank\" rel=\"https:\/\/www.parrocchiabrusegana.it\/wp-content\/uploads\/2013\/06\/secondo-destra.jpg noopener\"><img loading=\"lazy\" decoding=\"async\" class=\"alignleft wp-image-1375 size-medium\" src=\"https:\/\/www.parrocchiabrusegana.it\/wp-content\/uploads\/2013\/06\/secondo-destra-275x300.jpg\" alt=\"\" width=\"275\" height=\"300\" srcset=\"https:\/\/www.parrocchiabrusegana.it\/wp-content\/uploads\/2013\/06\/secondo-destra-275x300.jpg 275w, https:\/\/www.parrocchiabrusegana.it\/wp-content\/uploads\/2013\/06\/secondo-destra-939x1024.jpg 939w\" sizes=\"auto, (max-width: 275px) 100vw, 275px\" \/><\/a><\/p>\n<p>&nbsp;<\/p>\n<p>&nbsp;<\/p>\n<p>&nbsp;<\/p>\n<p>&nbsp;<\/p>\n<p>&nbsp;<\/p>\n<p>&nbsp;<\/p>\n<p>&nbsp;<\/p>\n<p>alle estremit\u00e0 scene di vita e attivit\u00e0 del quartiere<\/p>\n<p><a href=\"https:\/\/www.parrocchiabrusegana.it\/wp-content\/uploads\/2013\/06\/primo-destra.jpg\" target=\"_blank\" rel=\"https:\/\/www.parrocchiabrusegana.it\/wp-content\/uploads\/2013\/06\/primo-destra.jpg noopener\"><img loading=\"lazy\" decoding=\"async\" class=\"wp-image-1372 alignleft\" src=\"https:\/\/www.parrocchiabrusegana.it\/wp-content\/uploads\/2013\/06\/primo-destra-246x300.jpg\" alt=\"\" width=\"278\" height=\"339\" srcset=\"https:\/\/www.parrocchiabrusegana.it\/wp-content\/uploads\/2013\/06\/primo-destra-246x300.jpg 246w, https:\/\/www.parrocchiabrusegana.it\/wp-content\/uploads\/2013\/06\/primo-destra-843x1024.jpg 843w\" sizes=\"auto, (max-width: 278px) 100vw, 278px\" \/><\/a> <a href=\"https:\/\/www.parrocchiabrusegana.it\/wp-content\/uploads\/2013\/06\/primo-sinistra.jpg\" target=\"_blank\" rel=\"https:\/\/www.parrocchiabrusegana.it\/wp-content\/uploads\/2013\/06\/primo-sinistra.jpg noopener\"><img loading=\"lazy\" decoding=\"async\" class=\"alignleft wp-image-1376 size-medium\" src=\"https:\/\/www.parrocchiabrusegana.it\/wp-content\/uploads\/2013\/06\/primo-sinistra-281x300.jpg\" alt=\"\" width=\"281\" height=\"300\" srcset=\"https:\/\/www.parrocchiabrusegana.it\/wp-content\/uploads\/2013\/06\/primo-sinistra-281x300.jpg 281w, https:\/\/www.parrocchiabrusegana.it\/wp-content\/uploads\/2013\/06\/primo-sinistra-960x1024.jpg 960w\" sizes=\"auto, (max-width: 281px) 100vw, 281px\" \/><\/a><\/body><\/p><\/blockquote>\n","protected":false},"excerpt":{"rendered":"<p>&nbsp; La chiesa \u00e8 ricca di opere di Ernani Costantini, appena si entra per prima cosa si nota il grande crocifisso pensile al centro dell&#8217;abside del 1991, &nbsp;tempera su tavola 350&#215;400 cm iscrizione (in alto, sul cartiglio) IESVS NAZARENVS REX &hellip; <a href=\"https:\/\/www.parrocchiabrusegana.it\/?page_id=14387\">Continua a leggere<span class=\"meta-nav\">&rarr;<\/span><\/a><\/p>\n","protected":false},"author":1,"featured_media":0,"parent":13323,"menu_order":10,"comment_status":"closed","ping_status":"closed","template":"","meta":{"_crdt_document":"","ngg_post_thumbnail":0,"footnotes":""},"class_list":["post-14387","page","type-page","status-publish","hentry"],"_links":{"self":[{"href":"https:\/\/www.parrocchiabrusegana.it\/index.php?rest_route=\/wp\/v2\/pages\/14387","targetHints":{"allow":["GET"]}}],"collection":[{"href":"https:\/\/www.parrocchiabrusegana.it\/index.php?rest_route=\/wp\/v2\/pages"}],"about":[{"href":"https:\/\/www.parrocchiabrusegana.it\/index.php?rest_route=\/wp\/v2\/types\/page"}],"author":[{"embeddable":true,"href":"https:\/\/www.parrocchiabrusegana.it\/index.php?rest_route=\/wp\/v2\/users\/1"}],"replies":[{"embeddable":true,"href":"https:\/\/www.parrocchiabrusegana.it\/index.php?rest_route=%2Fwp%2Fv2%2Fcomments&post=14387"}],"version-history":[{"count":71,"href":"https:\/\/www.parrocchiabrusegana.it\/index.php?rest_route=\/wp\/v2\/pages\/14387\/revisions"}],"predecessor-version":[{"id":16324,"href":"https:\/\/www.parrocchiabrusegana.it\/index.php?rest_route=\/wp\/v2\/pages\/14387\/revisions\/16324"}],"up":[{"embeddable":true,"href":"https:\/\/www.parrocchiabrusegana.it\/index.php?rest_route=\/wp\/v2\/pages\/13323"}],"wp:attachment":[{"href":"https:\/\/www.parrocchiabrusegana.it\/index.php?rest_route=%2Fwp%2Fv2%2Fmedia&parent=14387"}],"curies":[{"name":"wp","href":"https:\/\/api.w.org\/{rel}","templated":true}]}}